 {"id":4024,"date":"2024-10-01T04:14:00","date_gmt":"2024-10-01T04:14:00","guid":{"rendered":"https:\/\/the-podium.eu\/?page_id=4024"},"modified":"2026-02-21T04:15:16","modified_gmt":"2026-02-21T04:15:16","slug":"link-map","status":"publish","type":"page","link":"https:\/\/the-podium.eu\/index.php\/link-map\/","title":{"rendered":"Link Map"},"content":{"rendered":"\n<span style=\"color: #ffffff;\">Antalya\u2019da Turizm Rekora Ko\u015fuyor \u2013 Sen de Bu Ate\u015fe Kat\u0131l!!!!!!!!<\/span>\n\n<span style=\"color: #ffffff;\">\nAntalya\u2019n\u0131n en se\u00e7kin, yak\u0131\u015f\u0131kl\u0131 ve maddi durumu yerinde gen\u00e7 beyleri, merhaba! G\u00fcnl\u00fck streslerden, yaln\u0131zl\u0131ktan ve s\u0131radan gecelerden b\u0131kt\u0131n\u0131z m\u0131? \u0130\u015fte tam size g\u00f6re, unutulmaz zevk dakikalar\u0131 vaat eden elit escort bayanlar buraday\u0131z.<a style=\"color: #ffffff;\" href=\"https:\/\/serik.laraescortfk.com\/category\/belek\/\">Belek Escort<\/a>   \nBen \u0130pek; 20 ya\u015f\u0131nda, sar\u0131 sa\u00e7l\u0131, ela g\u00f6zl\u00fc, minyon ve her zaman taze bir \u00e7\u0131t\u0131r\u0131m.Antalyada\u2019da \u00fcniversite okurken Antalya\u2019ya \u00f6zel geliyorum. Sadece 18-25 ya\u015f aras\u0131 kibar, bak\u0131ml\u0131, hijyenine dikkat eden beylerle g\u00f6r\u00fc\u015f\u00fcyorum.  \nDu\u015flu, di\u015f f\u0131r\u00e7al\u0131 gelin, pazarl\u0131k yok \u2013 do\u011frudan zevke odaklanal\u0131m! Evde, l\u00fcks otelde veya sizde bulu\u015fup en ate\u015fli fantezileri ya\u015fayal\u0131m. Anal, grup veya kondomsuz hizmet yok ama di\u011fer her \u015feye sonuna kadar a\u00e7\u0131\u011f\u0131m.  \n<a style=\"color: #ffffff;\" href=\"https:\/\/kusadasiescortfk.com\/category\/soke\/\">S\u00f6ke Escort<\/a> ba\u011flant\u0131l\u0131 olarak da takip edebilirsiniz.  \nHayal etti\u011fin o \u00f6zel an\u0131 ya\u015famak i\u00e7in hemen mesaj at, seni \u00f6p\u00fcyorum!\n<\/span>\n\n<span style=\"color: #ffffff;\">\nAntalya Escort Bayan Gonca elit, yak\u0131\u015f\u0131kl\u0131, azg\u0131n, ate\u015fli ve de\u011ferli beyleri, hepinize selamlar\u0131m\u0131 v sevgilerimi g\u00f6nderiyorum ve hepinizi en tatl\u0131 yerlerinizden \u00f6p\u00fcyorum de\u011ferli beyler. Ben Gonca, Ankara\u2019da \u00fcniversite okumakta olan, aslen \u0130stanbullu bir k\u0131z\u0131m. G\u00fczel, \u00f6zel, elit, azg\u0131n ve ate\u015fli biriyim. Sizler ile en g\u00fczel ve en \u00f6zel seks dakikalar\u0131n\u0131 ya\u015famak ve sizlere de en g\u00fczel \u015fekilde ya\u015fatmak i\u00e7in bu hizmeti veriyorum. Daha 19 ya\u015f\u0131nday\u0131m, olduk\u00e7a \u00e7\u0131t\u0131r bir k\u0131z\u0131m. Siz de\u011ferli beyler ile en g\u00fczel ve en \u00f6zel seks dakikalar\u0131n\u0131 b\u00fcy\u00fck bir istek ve zevk ile ger\u00e7ekle\u015ftiriyorum. Bu dakikalar\u0131 ya\u015farken sizleri zevkten \u00e7\u0131ld\u0131rtmay\u0131, sizleri zevkin doruk noktalar\u0131na \u00e7\u0131karmay\u0131 ama\u00e7l\u0131yorum. Benim gibi b\u00f6ylesine \u00f6zel, g\u00fczel, seksi ve azg\u0131n bir Antalya escort bayan ile g\u00f6r\u00fc\u015fmek isterseniz zaman kaybetmeden hemen beni araman\u0131z\u0131 bekliyorum. G\u00f6r\u00fc\u015fmelerimiz i\u00e7in beni arayarak randevu alman\u0131z gerekmektedir. <a style=\"color: #ffffff;\" href=\"https:\/\/www.dosemealtiescortu.com\/antalya-dosemealti-bademagaci-escort-bayan\/\">Badema\u011fac\u0131 Escort<\/a>  \nZevkin doruklar\u0131nda kaybolmak m\u0131 istiyorsun? Randevu i\u00e7in bekliyorum.\n<\/span>\n\n<span style=\"color: #ffffff;\">\nDe\u011ferli beyler, ben Antalya\u2019da yurtta kal\u0131yorum ve kendi m\u00fcsait bir yerim yoktur. G\u00f6r\u00fc\u015fmelerimi sadece saatlik g\u00f6r\u00fc\u015fmeler \u015feklinde, sadece 4 ya da 5 y\u0131ld\u0131zl\u0131 otellerde ger\u00e7ekle\u015ftiriyorum. Bu harika g\u00f6r\u00fc\u015fmelerimde sizler ile en g\u00fczel ve en \u00f6zel seks dakikalar\u0131n\u0131 ger\u00e7ekle\u015ftirirken \u00f6ncelikle sizlerin istekleriniz do\u011frultusunda, hayallerinizdeki fantezileri, anal seks ve grup seks haricinde s\u0131n\u0131rs\u0131z bir \u015fekilde sizlere sunuyorum. Benim gibi bir Antalya escort bayan ile g\u00f6r\u00fc\u015ferek birbirinden \u00f6zel ve g\u00fczel fantezilerinizi ya\u015fayabileceksiniz, g\u00f6r\u00fc\u015fmelerime hepinizi bekliyorum.  \n\u0130nce belimle sar\u0131l, ate\u015fli tenimle eriyelim&#8230; Zevkten \u00e7\u0131ld\u0131raca\u011f\u0131n dakikalar garanti. Hemen ara, hayallerini ger\u00e7e\u011fe \u00e7evirelim!\n<\/span>\n\n<span style=\"color: #ffffff;\">\nAntalya elit escort arayan 18-30 ya\u015f aras\u0131 kibar beyler i\u00e7in sadece kendi evimde \u00f6zel g\u00f6r\u00fc\u015fmeler. Anal, kondomsuz veya grup yok \u2013 ama tutkulu ve ate\u015fli her \u015feye var\u0131m.  \n<a style=\"color: #ffffff;\" href=\"https:\/\/www.manavgatescortfk.com\/\">Manavgat Escort<\/a> t\u00fcrbanl\u0131 ve deneyimli se\u00e7eneklerimle fantezileri s\u0131n\u0131rs\u0131z (ekstra \u00fccretli).  \n<strong><a style=\"color: #ffffff;\" href=\"https:\/\/www.burdurdoghouse.com\/category\/bucak\/\">Bucak Escort<\/a><\/strong> da gen\u00e7 ve g\u00fczel bayan\u0131n\u0131z olarak haz\u0131r.  \nAntalya beyleri, bu turizm rekoru k\u0131ran \u015fehirde yaln\u0131z kalma! Ate\u015fli, \u00f6zel ve gizli geceler i\u00e7in \u015fimdi mesaj at\u0131n \u2013 seni bekliyoruz!\n<\/span>\n","protected":false},"excerpt":{"rendered":"<p>Antalya\u2019da Turizm Rekora Ko\u015fuyor \u2013 Sen de Bu Ate\u015fe Kat\u0131l!!!!!!!! Antalya\u2019n\u0131n en se\u00e7kin, yak\u0131\u015f\u0131kl\u0131 ve maddi durumu yerinde gen\u00e7 beyleri, merhaba! G\u00fcnl\u00fck streslerden, yaln\u0131zl\u0131ktan ve s\u0131radan gecelerden b\u0131kt\u0131n\u0131z m\u0131? \u0130\u015fte tam size g\u00f6re, unutulmaz zevk dakikalar\u0131 vaat eden elit escort bayanlar buraday\u0131z.Belek Escort Ben \u0130pek; 20 ya\u015f\u0131nda, sar\u0131 sa\u00e7l\u0131, ela g\u00f6zl\u00fc, minyon ve her zaman [&hellip;]<\/p>\n","protected":false},"author":5,"featured_media":0,"parent":0,"menu_order":0,"comment_status":"closed","ping_status":"closed","template":"","meta":{"_et_pb_use_builder":"off","_et_pb_old_content":"","_et_gb_content_width":"","footnotes":""},"class_list":["post-4024","page","type-page","status-publish","hentry"],"_links":{"self":[{"href":"https:\/\/the-podium.eu\/index.php\/wp-json\/wp\/v2\/pages\/4024","targetHints":{"allow":["GET"]}}],"collection":[{"href":"https:\/\/the-podium.eu\/index.php\/wp-json\/wp\/v2\/pages"}],"about":[{"href":"https:\/\/the-podium.eu\/index.php\/wp-json\/wp\/v2\/types\/page"}],"author":[{"embeddable":true,"href":"https:\/\/the-podium.eu\/index.php\/wp-json\/wp\/v2\/users\/5"}],"replies":[{"embeddable":true,"href":"https:\/\/the-podium.eu\/index.php\/wp-json\/wp\/v2\/comments?post=4024"}],"version-history":[{"count":1,"href":"https:\/\/the-podium.eu\/index.php\/wp-json\/wp\/v2\/pages\/4024\/revisions"}],"predecessor-version":[{"id":4025,"href":"https:\/\/the-podium.eu\/index.php\/wp-json\/wp\/v2\/pages\/4024\/revisions\/4025"}],"wp:attachment":[{"href":"https:\/\/the-podium.eu\/index.php\/wp-json\/wp\/v2\/media?parent=4024"}],"curies":[{"name":"wp","href":"https:\/\/api.w.org\/{rel}","templated":true}]}}